{"id":478,"date":"2023-05-15T22:16:13","date_gmt":"2023-05-15T22:16:13","guid":{"rendered":"https:\/\/balogistics.com.tr\/demiryolu-tasimaciligi\/"},"modified":"2023-05-16T06:32:12","modified_gmt":"2023-05-16T06:32:12","slug":"demiryolu-tasimaciligi","status":"publish","type":"page","link":"https:\/\/balogistics.com.tr\/en\/demiryolu-tasimaciligi\/","title":{"rendered":"Demiryolu Ta\u015f\u0131mac\u0131l\u0131\u011f\u0131"},"content":{"rendered":"\t\t<div data-elementor-type=\"wp-page\" data-elementor-id=\"478\" class=\"elementor elementor-478 elementor-382\">\n\t\t\t\t\t\t<section class=\"elementor-section elementor-top-section elementor-element elementor-element-f00696e elementor-section-height-min-height elementor-section-boxed elementor-section-height-default elementor-section-items-middle\" data-id=\"f00696e\" data-element_type=\"section\" data-e-type=\"section\" data-settings=\"{&quot;background_background&quot;:&quot;classic&quot;}\">\n\t\t\t\t\t\t\t<div class=\"elementor-background-overlay\"><\/div>\n\t\t\t\t\t\t\t<div class=\"elementor-container elementor-column-gap-default\">\n\t\t\t\t\t<div class=\"elementor-column elementor-col-100 elementor-top-column elementor-element elementor-element-7b0becb3\" data-id=\"7b0becb3\" data-element_type=\"column\" data-e-type=\"column\">\n\t\t\t<div class=\"elementor-widget-wrap elementor-element-populated\">\n\t\t\t\t\t\t<div class=\"elementor-element elementor-element-37e058f1 elementor-widget elementor-widget-heading\" data-id=\"37e058f1\" data-element_type=\"widget\" data-e-type=\"widget\" data-widget_type=\"heading.default\">\n\t\t\t\t<div class=\"elementor-widget-container\">\n\t\t\t\t\t<h1 class=\"elementor-heading-title elementor-size-default\">rail transport<\/h1>\t\t\t\t<\/div>\n\t\t\t\t<\/div>\n\t\t\t\t\t<\/div>\n\t\t<\/div>\n\t\t\t\t\t<\/div>\n\t\t<\/section>\n\t\t\t\t<section class=\"elementor-section elementor-top-section elementor-element elementor-element-50102c02 elementor-section-content-middle elementor-section-boxed elementor-section-height-default elementor-section-height-default\" data-id=\"50102c02\" data-element_type=\"section\" data-e-type=\"section\" data-settings=\"{&quot;background_background&quot;:&quot;classic&quot;}\">\n\t\t\t\t\t\t\t<div class=\"elementor-background-overlay\"><\/div>\n\t\t\t\t\t\t\t<div class=\"elementor-container elementor-column-gap-default\">\n\t\t\t\t\t<div class=\"elementor-column elementor-col-100 elementor-top-column elementor-element elementor-element-1d1eb7f9\" data-id=\"1d1eb7f9\" data-element_type=\"column\" data-e-type=\"column\">\n\t\t\t<div class=\"elementor-widget-wrap elementor-element-populated\">\n\t\t\t\t\t\t<div class=\"elementor-element elementor-element-58230198 elementor-widget elementor-widget-text-editor\" data-id=\"58230198\" data-element_type=\"widget\" data-e-type=\"widget\" data-widget_type=\"text-editor.default\">\n\t\t\t\t<div class=\"elementor-widget-container\">\n\t\t\t\t\t\t\t\t\t<div class=\"wpb_text_column wpb_content_element \"><div class=\"wpb_wrapper\"><div class=\"wpb_text_column wpb_content_element \"><div class=\"wpb_wrapper\"><div class=\"grid_14\"><div class=\"wpb_text_column wpb_content_element \"><div class=\"wpb_wrapper\"><div class=\"grid_14\"><p>In international transport, railroad transport is more cost-effective and safer than vehicle transport. Open or closed wagons can be employed to contribute to your trade with BA Logistics Wagon Service, depending on your requirement and rather the type of items you have.<\/p><p>We have closed wagons, open wagons, bulk cargo wagons, liquid transfer wagons, and platform wagons at your disposal.<\/p><p><strong>Our fields of activity;<\/strong><\/p><ul><li>Europe \u2013 Turkey wagon transports<\/li><li>Container transportation between Europe and Turkey<\/li><li>Domestic and local wagon transportation<\/li><li>Wagon rental<\/li><li>Handling, customs clearance, and intermediate transport services at stations<\/li><li>Project transportation<\/li><\/ul><\/div><\/div><\/div><\/div><\/div><\/div><\/div><\/div>\t\t\t\t\t\t\t\t<\/div>\n\t\t\t\t<\/div>\n\t\t\t\t\t<\/div>\n\t\t<\/div>\n\t\t\t\t\t<\/div>\n\t\t<\/section>\n\t\t\t\t<\/div>\n\t\t","protected":false},"excerpt":{"rendered":"<p>rail transport In international transport, railroad transport is more cost-effective and safer than vehicle transport. Open or closed wagons can be employed to contribute to your trade with BA Logistics Wagon Service, depending on your requirement and rather the type of items you have. We have closed wagons, open wagons, bulk cargo wagons, liquid transfer&hellip; <a class=\"more-link\" href=\"https:\/\/balogistics.com.tr\/en\/demiryolu-tasimaciligi\/\">Continue reading <span class=\"screen-reader-text\">Demiryolu Ta\u015f\u0131mac\u0131l\u0131\u011f\u0131<\/span><\/a><\/p>\n","protected":false},"author":1,"featured_media":0,"parent":0,"menu_order":0,"comment_status":"closed","ping_status":"closed","template":"elementor_header_footer","meta":{"footnotes":""},"class_list":["post-478","page","type-page","status-publish","hentry","entry"],"yoast_head":"<!-- This site is optimized with the Yoast SEO plugin v27.2 - https:\/\/yoast.com\/product\/yoast-seo-wordpress\/ -->\n<title>Demiryolu Ta\u015f\u0131mac\u0131l\u0131\u011f\u0131 - Balogistics<\/title>\n<meta name=\"robots\" content=\"index, follow, max-snippet:-1, max-image-preview:large, max-video-preview:-1\" \/>\n<link rel=\"canonical\" href=\"https:\/\/balogistics.com.tr\/en\/demiryolu-tasimaciligi\/\" \/>\n<meta property=\"og:locale\" content=\"en_US\" \/>\n<meta property=\"og:type\" content=\"article\" \/>\n<meta property=\"og:title\" content=\"Demiryolu Ta\u015f\u0131mac\u0131l\u0131\u011f\u0131 - Balogistics\" \/>\n<meta property=\"og:description\" content=\"rail transport In international transport, railroad transport is more cost-effective and safer than vehicle transport. Open or closed wagons can be employed to contribute to your trade with BA Logistics Wagon Service, depending on your requirement and rather the type of items you have. We have closed wagons, open wagons, bulk cargo wagons, liquid transfer&hellip; Continue reading Demiryolu Ta\u015f\u0131mac\u0131l\u0131\u011f\u0131\" \/>\n<meta property=\"og:url\" content=\"https:\/\/balogistics.com.tr\/en\/demiryolu-tasimaciligi\/\" \/>\n<meta property=\"og:site_name\" content=\"Balogistics\" \/>\n<meta property=\"article:modified_time\" content=\"2023-05-16T06:32:12+00:00\" \/>\n<meta name=\"twitter:card\" content=\"summary_large_image\" \/>\n<script type=\"application\/ld+json\" class=\"yoast-schema-graph\">{\"@context\":\"https:\/\/schema.org\",\"@graph\":[{\"@type\":\"WebPage\",\"@id\":\"https:\/\/balogistics.com.tr\/en\/demiryolu-tasimaciligi\/\",\"url\":\"https:\/\/balogistics.com.tr\/en\/demiryolu-tasimaciligi\/\",\"name\":\"Demiryolu Ta\u015f\u0131mac\u0131l\u0131\u011f\u0131 - Balogistics\",\"isPartOf\":{\"@id\":\"https:\/\/balogistics.com.tr\/#website\"},\"datePublished\":\"2023-05-15T22:16:13+00:00\",\"dateModified\":\"2023-05-16T06:32:12+00:00\",\"breadcrumb\":{\"@id\":\"https:\/\/balogistics.com.tr\/en\/demiryolu-tasimaciligi\/#breadcrumb\"},\"inLanguage\":\"en-US\",\"potentialAction\":[{\"@type\":\"ReadAction\",\"target\":[\"https:\/\/balogistics.com.tr\/en\/demiryolu-tasimaciligi\/\"]}]},{\"@type\":\"BreadcrumbList\",\"@id\":\"https:\/\/balogistics.com.tr\/en\/demiryolu-tasimaciligi\/#breadcrumb\",\"itemListElement\":[{\"@type\":\"ListItem\",\"position\":1,\"name\":\"Anasayfa\",\"item\":\"https:\/\/balogistics.com.tr\/en\/\"},{\"@type\":\"ListItem\",\"position\":2,\"name\":\"Demiryolu Ta\u015f\u0131mac\u0131l\u0131\u011f\u0131\"}]},{\"@type\":\"WebSite\",\"@id\":\"https:\/\/balogistics.com.tr\/#website\",\"url\":\"https:\/\/balogistics.com.tr\/\",\"name\":\"Ba Logistics, havayolu, karayolu, denizyolu, demiryolu ve proje ta\u015f\u0131mac\u0131l\u0131\u011f\u0131 hizmetleri sunmaktad\u0131r.\",\"description\":\"Ba Logistics, havayolu, karayolu, denizyolu, demiryolu ve proje ta\u015f\u0131mac\u0131l\u0131\u011f\u0131 hizmetleri sunmaktad\u0131r.\",\"publisher\":{\"@id\":\"https:\/\/balogistics.com.tr\/#organization\"},\"potentialAction\":[{\"@type\":\"SearchAction\",\"target\":{\"@type\":\"EntryPoint\",\"urlTemplate\":\"https:\/\/balogistics.com.tr\/?s={search_term_string}\"},\"query-input\":{\"@type\":\"PropertyValueSpecification\",\"valueRequired\":true,\"valueName\":\"search_term_string\"}}],\"inLanguage\":\"en-US\"},{\"@type\":\"Organization\",\"@id\":\"https:\/\/balogistics.com.tr\/#organization\",\"name\":\"Ba Logistics, havayolu, karayolu, denizyolu, demiryolu ve proje ta\u015f\u0131mac\u0131l\u0131\u011f\u0131 hizmetleri sunmaktad\u0131r.\",\"url\":\"https:\/\/balogistics.com.tr\/\",\"logo\":{\"@type\":\"ImageObject\",\"inLanguage\":\"en-US\",\"@id\":\"https:\/\/balogistics.com.tr\/#\/schema\/logo\/image\/\",\"url\":\"https:\/\/balogistics.com.tr\/wp-content\/uploads\/2023\/05\/1.png\",\"contentUrl\":\"https:\/\/balogistics.com.tr\/wp-content\/uploads\/2023\/05\/1.png\",\"width\":5051,\"height\":1982,\"caption\":\"Ba Logistics, havayolu, karayolu, denizyolu, demiryolu ve proje ta\u015f\u0131mac\u0131l\u0131\u011f\u0131 hizmetleri sunmaktad\u0131r.\"},\"image\":{\"@id\":\"https:\/\/balogistics.com.tr\/#\/schema\/logo\/image\/\"}}]}<\/script>\n<!-- \/ Yoast SEO plugin. -->","yoast_head_json":{"title":"Demiryolu Ta\u015f\u0131mac\u0131l\u0131\u011f\u0131 - Balogistics","robots":{"index":"index","follow":"follow","max-snippet":"max-snippet:-1","max-image-preview":"max-image-preview:large","max-video-preview":"max-video-preview:-1"},"canonical":"https:\/\/balogistics.com.tr\/en\/demiryolu-tasimaciligi\/","og_locale":"en_US","og_type":"article","og_title":"Demiryolu Ta\u015f\u0131mac\u0131l\u0131\u011f\u0131 - Balogistics","og_description":"rail transport In international transport, railroad transport is more cost-effective and safer than vehicle transport. Open or closed wagons can be employed to contribute to your trade with BA Logistics Wagon Service, depending on your requirement and rather the type of items you have. We have closed wagons, open wagons, bulk cargo wagons, liquid transfer&hellip; Continue reading Demiryolu Ta\u015f\u0131mac\u0131l\u0131\u011f\u0131","og_url":"https:\/\/balogistics.com.tr\/en\/demiryolu-tasimaciligi\/","og_site_name":"Balogistics","article_modified_time":"2023-05-16T06:32:12+00:00","twitter_card":"summary_large_image","schema":{"@context":"https:\/\/schema.org","@graph":[{"@type":"WebPage","@id":"https:\/\/balogistics.com.tr\/en\/demiryolu-tasimaciligi\/","url":"https:\/\/balogistics.com.tr\/en\/demiryolu-tasimaciligi\/","name":"Demiryolu Ta\u015f\u0131mac\u0131l\u0131\u011f\u0131 - Balogistics","isPartOf":{"@id":"https:\/\/balogistics.com.tr\/#website"},"datePublished":"2023-05-15T22:16:13+00:00","dateModified":"2023-05-16T06:32:12+00:00","breadcrumb":{"@id":"https:\/\/balogistics.com.tr\/en\/demiryolu-tasimaciligi\/#breadcrumb"},"inLanguage":"en-US","potentialAction":[{"@type":"ReadAction","target":["https:\/\/balogistics.com.tr\/en\/demiryolu-tasimaciligi\/"]}]},{"@type":"BreadcrumbList","@id":"https:\/\/balogistics.com.tr\/en\/demiryolu-tasimaciligi\/#breadcrumb","itemListElement":[{"@type":"ListItem","position":1,"name":"Anasayfa","item":"https:\/\/balogistics.com.tr\/en\/"},{"@type":"ListItem","position":2,"name":"Demiryolu Ta\u015f\u0131mac\u0131l\u0131\u011f\u0131"}]},{"@type":"WebSite","@id":"https:\/\/balogistics.com.tr\/#website","url":"https:\/\/balogistics.com.tr\/","name":"Ba Logistics, havayolu, karayolu, denizyolu, demiryolu ve proje ta\u015f\u0131mac\u0131l\u0131\u011f\u0131 hizmetleri sunmaktad\u0131r.","description":"Ba Logistics, havayolu, karayolu, denizyolu, demiryolu ve proje ta\u015f\u0131mac\u0131l\u0131\u011f\u0131 hizmetleri sunmaktad\u0131r.","publisher":{"@id":"https:\/\/balogistics.com.tr\/#organization"},"potentialAction":[{"@type":"SearchAction","target":{"@type":"EntryPoint","urlTemplate":"https:\/\/balogistics.com.tr\/?s={search_term_string}"},"query-input":{"@type":"PropertyValueSpecification","valueRequired":true,"valueName":"search_term_string"}}],"inLanguage":"en-US"},{"@type":"Organization","@id":"https:\/\/balogistics.com.tr\/#organization","name":"Ba Logistics, havayolu, karayolu, denizyolu, demiryolu ve proje ta\u015f\u0131mac\u0131l\u0131\u011f\u0131 hizmetleri sunmaktad\u0131r.","url":"https:\/\/balogistics.com.tr\/","logo":{"@type":"ImageObject","inLanguage":"en-US","@id":"https:\/\/balogistics.com.tr\/#\/schema\/logo\/image\/","url":"https:\/\/balogistics.com.tr\/wp-content\/uploads\/2023\/05\/1.png","contentUrl":"https:\/\/balogistics.com.tr\/wp-content\/uploads\/2023\/05\/1.png","width":5051,"height":1982,"caption":"Ba Logistics, havayolu, karayolu, denizyolu, demiryolu ve proje ta\u015f\u0131mac\u0131l\u0131\u011f\u0131 hizmetleri sunmaktad\u0131r."},"image":{"@id":"https:\/\/balogistics.com.tr\/#\/schema\/logo\/image\/"}}]}},"_links":{"self":[{"href":"https:\/\/balogistics.com.tr\/en\/wp-json\/wp\/v2\/pages\/478","targetHints":{"allow":["GET"]}}],"collection":[{"href":"https:\/\/balogistics.com.tr\/en\/wp-json\/wp\/v2\/pages"}],"about":[{"href":"https:\/\/balogistics.com.tr\/en\/wp-json\/wp\/v2\/types\/page"}],"author":[{"embeddable":true,"href":"https:\/\/balogistics.com.tr\/en\/wp-json\/wp\/v2\/users\/1"}],"replies":[{"embeddable":true,"href":"https:\/\/balogistics.com.tr\/en\/wp-json\/wp\/v2\/comments?post=478"}],"version-history":[{"count":4,"href":"https:\/\/balogistics.com.tr\/en\/wp-json\/wp\/v2\/pages\/478\/revisions"}],"predecessor-version":[{"id":488,"href":"https:\/\/balogistics.com.tr\/en\/wp-json\/wp\/v2\/pages\/478\/revisions\/488"}],"wp:attachment":[{"href":"https:\/\/balogistics.com.tr\/en\/wp-json\/wp\/v2\/media?parent=478"}],"curies":[{"name":"wp","href":"https:\/\/api.w.org\/{rel}","templated":true}]}}