{"id":504,"date":"2023-05-15T22:22:01","date_gmt":"2023-05-15T22:22:01","guid":{"rendered":"http:\/\/balogistics.com.tr\/breakbulk-project-transportation\/"},"modified":"2023-05-16T07:01:26","modified_gmt":"2023-05-16T07:01:26","slug":"breakbulk-project-transportation","status":"publish","type":"page","link":"https:\/\/balogistics.com.tr\/en\/breakbulk-project-transportation\/","title":{"rendered":"Breakbulk Project Transportation"},"content":{"rendered":"\t\t<div data-elementor-type=\"wp-page\" data-elementor-id=\"504\" class=\"elementor elementor-504 elementor-400\">\n\t\t\t\t\t\t<section class=\"elementor-section elementor-top-section elementor-element elementor-element-f00696e elementor-section-height-min-height elementor-section-boxed elementor-section-height-default elementor-section-items-middle\" data-id=\"f00696e\" data-element_type=\"section\" data-e-type=\"section\" data-settings=\"{&quot;background_background&quot;:&quot;classic&quot;}\">\n\t\t\t\t\t\t\t<div class=\"elementor-background-overlay\"><\/div>\n\t\t\t\t\t\t\t<div class=\"elementor-container elementor-column-gap-default\">\n\t\t\t\t\t<div class=\"elementor-column elementor-col-100 elementor-top-column elementor-element elementor-element-7b0becb3\" data-id=\"7b0becb3\" data-element_type=\"column\" data-e-type=\"column\">\n\t\t\t<div class=\"elementor-widget-wrap elementor-element-populated\">\n\t\t\t\t\t\t<div class=\"elementor-element elementor-element-37e058f1 elementor-widget elementor-widget-heading\" data-id=\"37e058f1\" data-element_type=\"widget\" data-e-type=\"widget\" data-widget_type=\"heading.default\">\n\t\t\t\t<div class=\"elementor-widget-container\">\n\t\t\t\t\t<h1 class=\"elementor-heading-title elementor-size-default\">Breakbulk Project Transportation<\/h1>\t\t\t\t<\/div>\n\t\t\t\t<\/div>\n\t\t\t\t\t<\/div>\n\t\t<\/div>\n\t\t\t\t\t<\/div>\n\t\t<\/section>\n\t\t\t\t<section class=\"elementor-section elementor-top-section elementor-element elementor-element-50102c02 elementor-section-content-middle elementor-section-boxed elementor-section-height-default elementor-section-height-default\" data-id=\"50102c02\" data-element_type=\"section\" data-e-type=\"section\" data-settings=\"{&quot;background_background&quot;:&quot;classic&quot;}\">\n\t\t\t\t\t\t\t<div class=\"elementor-background-overlay\"><\/div>\n\t\t\t\t\t\t\t<div class=\"elementor-container elementor-column-gap-default\">\n\t\t\t\t\t<div class=\"elementor-column elementor-col-100 elementor-top-column elementor-element elementor-element-1d1eb7f9\" data-id=\"1d1eb7f9\" data-element_type=\"column\" data-e-type=\"column\">\n\t\t\t<div class=\"elementor-widget-wrap elementor-element-populated\">\n\t\t\t\t\t\t<div class=\"elementor-element elementor-element-58230198 elementor-widget elementor-widget-text-editor\" data-id=\"58230198\" data-element_type=\"widget\" data-e-type=\"widget\" data-widget_type=\"text-editor.default\">\n\t\t\t\t<div class=\"elementor-widget-container\">\n\t\t\t\t\t\t\t\t\t<div class=\"wpb_text_column wpb_content_element \">\n<div class=\"wpb_wrapper\">\n<div class=\"wpb_text_column wpb_content_element \">\n<div class=\"wpb_wrapper\">\n<div class=\"grid_14\">\n<p>BA Logistics Project Service always provides solution-oriented and alternative services in Heavy and Out of Gauge Project Transportation.<\/p>\n<p>In addition to the aforementioned services, BA Logistics Project Service also provides combined transportation and chartering services. Project Service also has the opportunity to charter ships on a voyage or time basis, depending on the type and size of the cargo. In addition, thanks to its international connections and experience, it can carry all kinds of cargo from the smallest tonnage to the highest tonnage.<\/p>\n<p><strong>Our Activity Areas;<\/strong><\/p>\n<ul>\n<li>Machinery and spare parts of factories for production purposes<\/li>\n<li>Heavy Tonnage Transports \u2013 Project Transports<\/li>\n<li>Exhibition stands and equipment<\/li>\n<li>All kinds of wide, long and high heavy and out of gauge transports<\/li>\n<li>Cabin transports<\/li>\n<li>On-deck transport organizations<\/li>\n<li>Engine and spare parts transport organizations<\/li>\n<\/ul>\n<p><em>It is delivered reliably with Special Transport Permits and Pioneering Services. <\/em><\/p>\n<\/div>\n<\/div>\n<\/div>\n<\/div>\n<\/div>\n\t\t\t\t\t\t\t\t<\/div>\n\t\t\t\t<\/div>\n\t\t\t\t\t<\/div>\n\t\t<\/div>\n\t\t\t\t\t<\/div>\n\t\t<\/section>\n\t\t\t\t<\/div>\n\t\t","protected":false},"excerpt":{"rendered":"<p>Breakbulk Project Transportation BA Logistics Project Service always provides solution-oriented and alternative services in Heavy and Out of Gauge Project Transportation. In addition to the aforementioned services, BA Logistics Project Service also provides combined transportation and chartering services. Project Service also has the opportunity to charter ships on a voyage or time basis, depending on&hellip; <a class=\"more-link\" href=\"https:\/\/balogistics.com.tr\/en\/breakbulk-project-transportation\/\">Continue reading <span class=\"screen-reader-text\">Breakbulk Project Transportation<\/span><\/a><\/p>\n","protected":false},"author":1,"featured_media":0,"parent":0,"menu_order":0,"comment_status":"closed","ping_status":"closed","template":"elementor_header_footer","meta":{"footnotes":""},"class_list":["post-504","page","type-page","status-publish","hentry","entry"],"yoast_head":"<!-- This site is optimized with the Yoast SEO plugin v27.2 - https:\/\/yoast.com\/product\/yoast-seo-wordpress\/ -->\n<title>Breakbulk Project Transportation - Balogistics<\/title>\n<meta name=\"robots\" content=\"index, follow, max-snippet:-1, max-image-preview:large, max-video-preview:-1\" \/>\n<link rel=\"canonical\" href=\"https:\/\/balogistics.com.tr\/en\/breakbulk-project-transportation\/\" \/>\n<meta property=\"og:locale\" content=\"en_US\" \/>\n<meta property=\"og:type\" content=\"article\" \/>\n<meta property=\"og:title\" content=\"Breakbulk Project Transportation - Balogistics\" \/>\n<meta property=\"og:description\" content=\"Breakbulk Project Transportation BA Logistics Project Service always provides solution-oriented and alternative services in Heavy and Out of Gauge Project Transportation. In addition to the aforementioned services, BA Logistics Project Service also provides combined transportation and chartering services. Project Service also has the opportunity to charter ships on a voyage or time basis, depending on&hellip; Continue reading Breakbulk Project Transportation\" \/>\n<meta property=\"og:url\" content=\"https:\/\/balogistics.com.tr\/en\/breakbulk-project-transportation\/\" \/>\n<meta property=\"og:site_name\" content=\"Balogistics\" \/>\n<meta property=\"article:modified_time\" content=\"2023-05-16T07:01:26+00:00\" \/>\n<meta name=\"twitter:card\" content=\"summary_large_image\" \/>\n<meta name=\"twitter:label1\" content=\"Est. reading time\" \/>\n\t<meta name=\"twitter:data1\" content=\"1 minute\" \/>\n<script type=\"application\/ld+json\" class=\"yoast-schema-graph\">{\"@context\":\"https:\/\/schema.org\",\"@graph\":[{\"@type\":\"WebPage\",\"@id\":\"https:\/\/balogistics.com.tr\/en\/breakbulk-project-transportation\/\",\"url\":\"https:\/\/balogistics.com.tr\/en\/breakbulk-project-transportation\/\",\"name\":\"Breakbulk Project Transportation - Balogistics\",\"isPartOf\":{\"@id\":\"https:\/\/balogistics.com.tr\/#website\"},\"datePublished\":\"2023-05-15T22:22:01+00:00\",\"dateModified\":\"2023-05-16T07:01:26+00:00\",\"breadcrumb\":{\"@id\":\"https:\/\/balogistics.com.tr\/en\/breakbulk-project-transportation\/#breadcrumb\"},\"inLanguage\":\"en-US\",\"potentialAction\":[{\"@type\":\"ReadAction\",\"target\":[\"https:\/\/balogistics.com.tr\/en\/breakbulk-project-transportation\/\"]}]},{\"@type\":\"BreadcrumbList\",\"@id\":\"https:\/\/balogistics.com.tr\/en\/breakbulk-project-transportation\/#breadcrumb\",\"itemListElement\":[{\"@type\":\"ListItem\",\"position\":1,\"name\":\"Anasayfa\",\"item\":\"https:\/\/balogistics.com.tr\/en\/\"},{\"@type\":\"ListItem\",\"position\":2,\"name\":\"Breakbulk Project Transportation\"}]},{\"@type\":\"WebSite\",\"@id\":\"https:\/\/balogistics.com.tr\/#website\",\"url\":\"https:\/\/balogistics.com.tr\/\",\"name\":\"Ba Logistics, havayolu, karayolu, denizyolu, demiryolu ve proje ta\u015f\u0131mac\u0131l\u0131\u011f\u0131 hizmetleri sunmaktad\u0131r.\",\"description\":\"Ba Logistics, havayolu, karayolu, denizyolu, demiryolu ve proje ta\u015f\u0131mac\u0131l\u0131\u011f\u0131 hizmetleri sunmaktad\u0131r.\",\"publisher\":{\"@id\":\"https:\/\/balogistics.com.tr\/#organization\"},\"potentialAction\":[{\"@type\":\"SearchAction\",\"target\":{\"@type\":\"EntryPoint\",\"urlTemplate\":\"https:\/\/balogistics.com.tr\/?s={search_term_string}\"},\"query-input\":{\"@type\":\"PropertyValueSpecification\",\"valueRequired\":true,\"valueName\":\"search_term_string\"}}],\"inLanguage\":\"en-US\"},{\"@type\":\"Organization\",\"@id\":\"https:\/\/balogistics.com.tr\/#organization\",\"name\":\"Ba Logistics, havayolu, karayolu, denizyolu, demiryolu ve proje ta\u015f\u0131mac\u0131l\u0131\u011f\u0131 hizmetleri sunmaktad\u0131r.\",\"url\":\"https:\/\/balogistics.com.tr\/\",\"logo\":{\"@type\":\"ImageObject\",\"inLanguage\":\"en-US\",\"@id\":\"https:\/\/balogistics.com.tr\/#\/schema\/logo\/image\/\",\"url\":\"https:\/\/balogistics.com.tr\/wp-content\/uploads\/2023\/05\/1.png\",\"contentUrl\":\"https:\/\/balogistics.com.tr\/wp-content\/uploads\/2023\/05\/1.png\",\"width\":5051,\"height\":1982,\"caption\":\"Ba Logistics, havayolu, karayolu, denizyolu, demiryolu ve proje ta\u015f\u0131mac\u0131l\u0131\u011f\u0131 hizmetleri sunmaktad\u0131r.\"},\"image\":{\"@id\":\"https:\/\/balogistics.com.tr\/#\/schema\/logo\/image\/\"}}]}<\/script>\n<!-- \/ Yoast SEO plugin. -->","yoast_head_json":{"title":"Breakbulk Project Transportation - Balogistics","robots":{"index":"index","follow":"follow","max-snippet":"max-snippet:-1","max-image-preview":"max-image-preview:large","max-video-preview":"max-video-preview:-1"},"canonical":"https:\/\/balogistics.com.tr\/en\/breakbulk-project-transportation\/","og_locale":"en_US","og_type":"article","og_title":"Breakbulk Project Transportation - Balogistics","og_description":"Breakbulk Project Transportation BA Logistics Project Service always provides solution-oriented and alternative services in Heavy and Out of Gauge Project Transportation. In addition to the aforementioned services, BA Logistics Project Service also provides combined transportation and chartering services. Project Service also has the opportunity to charter ships on a voyage or time basis, depending on&hellip; Continue reading Breakbulk Project Transportation","og_url":"https:\/\/balogistics.com.tr\/en\/breakbulk-project-transportation\/","og_site_name":"Balogistics","article_modified_time":"2023-05-16T07:01:26+00:00","twitter_card":"summary_large_image","twitter_misc":{"Est. reading time":"1 minute"},"schema":{"@context":"https:\/\/schema.org","@graph":[{"@type":"WebPage","@id":"https:\/\/balogistics.com.tr\/en\/breakbulk-project-transportation\/","url":"https:\/\/balogistics.com.tr\/en\/breakbulk-project-transportation\/","name":"Breakbulk Project Transportation - Balogistics","isPartOf":{"@id":"https:\/\/balogistics.com.tr\/#website"},"datePublished":"2023-05-15T22:22:01+00:00","dateModified":"2023-05-16T07:01:26+00:00","breadcrumb":{"@id":"https:\/\/balogistics.com.tr\/en\/breakbulk-project-transportation\/#breadcrumb"},"inLanguage":"en-US","potentialAction":[{"@type":"ReadAction","target":["https:\/\/balogistics.com.tr\/en\/breakbulk-project-transportation\/"]}]},{"@type":"BreadcrumbList","@id":"https:\/\/balogistics.com.tr\/en\/breakbulk-project-transportation\/#breadcrumb","itemListElement":[{"@type":"ListItem","position":1,"name":"Anasayfa","item":"https:\/\/balogistics.com.tr\/en\/"},{"@type":"ListItem","position":2,"name":"Breakbulk Project Transportation"}]},{"@type":"WebSite","@id":"https:\/\/balogistics.com.tr\/#website","url":"https:\/\/balogistics.com.tr\/","name":"Ba Logistics, havayolu, karayolu, denizyolu, demiryolu ve proje ta\u015f\u0131mac\u0131l\u0131\u011f\u0131 hizmetleri sunmaktad\u0131r.","description":"Ba Logistics, havayolu, karayolu, denizyolu, demiryolu ve proje ta\u015f\u0131mac\u0131l\u0131\u011f\u0131 hizmetleri sunmaktad\u0131r.","publisher":{"@id":"https:\/\/balogistics.com.tr\/#organization"},"potentialAction":[{"@type":"SearchAction","target":{"@type":"EntryPoint","urlTemplate":"https:\/\/balogistics.com.tr\/?s={search_term_string}"},"query-input":{"@type":"PropertyValueSpecification","valueRequired":true,"valueName":"search_term_string"}}],"inLanguage":"en-US"},{"@type":"Organization","@id":"https:\/\/balogistics.com.tr\/#organization","name":"Ba Logistics, havayolu, karayolu, denizyolu, demiryolu ve proje ta\u015f\u0131mac\u0131l\u0131\u011f\u0131 hizmetleri sunmaktad\u0131r.","url":"https:\/\/balogistics.com.tr\/","logo":{"@type":"ImageObject","inLanguage":"en-US","@id":"https:\/\/balogistics.com.tr\/#\/schema\/logo\/image\/","url":"https:\/\/balogistics.com.tr\/wp-content\/uploads\/2023\/05\/1.png","contentUrl":"https:\/\/balogistics.com.tr\/wp-content\/uploads\/2023\/05\/1.png","width":5051,"height":1982,"caption":"Ba Logistics, havayolu, karayolu, denizyolu, demiryolu ve proje ta\u015f\u0131mac\u0131l\u0131\u011f\u0131 hizmetleri sunmaktad\u0131r."},"image":{"@id":"https:\/\/balogistics.com.tr\/#\/schema\/logo\/image\/"}}]}},"_links":{"self":[{"href":"https:\/\/balogistics.com.tr\/en\/wp-json\/wp\/v2\/pages\/504","targetHints":{"allow":["GET"]}}],"collection":[{"href":"https:\/\/balogistics.com.tr\/en\/wp-json\/wp\/v2\/pages"}],"about":[{"href":"https:\/\/balogistics.com.tr\/en\/wp-json\/wp\/v2\/types\/page"}],"author":[{"embeddable":true,"href":"https:\/\/balogistics.com.tr\/en\/wp-json\/wp\/v2\/users\/1"}],"replies":[{"embeddable":true,"href":"https:\/\/balogistics.com.tr\/en\/wp-json\/wp\/v2\/comments?post=504"}],"version-history":[{"count":1,"href":"https:\/\/balogistics.com.tr\/en\/wp-json\/wp\/v2\/pages\/504\/revisions"}],"predecessor-version":[{"id":505,"href":"https:\/\/balogistics.com.tr\/en\/wp-json\/wp\/v2\/pages\/504\/revisions\/505"}],"wp:attachment":[{"href":"https:\/\/balogistics.com.tr\/en\/wp-json\/wp\/v2\/media?parent=504"}],"curies":[{"name":"wp","href":"https:\/\/api.w.org\/{rel}","templated":true}]}}