{"id":565,"date":"2023-05-24T05:05:33","date_gmt":"2023-05-24T05:05:33","guid":{"rendered":"https:\/\/balogistics.com.tr\/storage-services\/"},"modified":"2023-05-24T05:14:46","modified_gmt":"2023-05-24T05:14:46","slug":"storage-services","status":"publish","type":"page","link":"https:\/\/balogistics.com.tr\/en\/storage-services\/","title":{"rendered":"Storage Services"},"content":{"rendered":"\t\t<div data-elementor-type=\"wp-page\" data-elementor-id=\"565\" class=\"elementor elementor-565 elementor-553\">\n\t\t\t\t\t\t<section class=\"elementor-section elementor-top-section elementor-element elementor-element-f00696e elementor-section-height-min-height elementor-section-boxed elementor-section-height-default elementor-section-items-middle\" data-id=\"f00696e\" data-element_type=\"section\" data-e-type=\"section\" data-settings=\"{&quot;background_background&quot;:&quot;classic&quot;}\">\n\t\t\t\t\t\t\t<div class=\"elementor-background-overlay\"><\/div>\n\t\t\t\t\t\t\t<div class=\"elementor-container elementor-column-gap-default\">\n\t\t\t\t\t<div class=\"elementor-column elementor-col-100 elementor-top-column elementor-element elementor-element-7b0becb3\" data-id=\"7b0becb3\" data-element_type=\"column\" data-e-type=\"column\">\n\t\t\t<div class=\"elementor-widget-wrap elementor-element-populated\">\n\t\t\t\t\t\t<div class=\"elementor-element elementor-element-37e058f1 elementor-widget elementor-widget-heading\" data-id=\"37e058f1\" data-element_type=\"widget\" data-e-type=\"widget\" data-widget_type=\"heading.default\">\n\t\t\t\t<div class=\"elementor-widget-container\">\n\t\t\t\t\t<h1 class=\"elementor-heading-title elementor-size-default\">Storage Services<\/h1>\t\t\t\t<\/div>\n\t\t\t\t<\/div>\n\t\t\t\t\t<\/div>\n\t\t<\/div>\n\t\t\t\t\t<\/div>\n\t\t<\/section>\n\t\t\t\t<section class=\"elementor-section elementor-top-section elementor-element elementor-element-50102c02 elementor-section-content-middle elementor-section-boxed elementor-section-height-default elementor-section-height-default\" data-id=\"50102c02\" data-element_type=\"section\" data-e-type=\"section\" data-settings=\"{&quot;background_background&quot;:&quot;classic&quot;}\">\n\t\t\t\t\t\t\t<div class=\"elementor-background-overlay\"><\/div>\n\t\t\t\t\t\t\t<div class=\"elementor-container elementor-column-gap-default\">\n\t\t\t\t\t<div class=\"elementor-column elementor-col-100 elementor-top-column elementor-element elementor-element-1d1eb7f9\" data-id=\"1d1eb7f9\" data-element_type=\"column\" data-e-type=\"column\">\n\t\t\t<div class=\"elementor-widget-wrap elementor-element-populated\">\n\t\t\t\t\t\t<div class=\"elementor-element elementor-element-58230198 elementor-widget elementor-widget-text-editor\" data-id=\"58230198\" data-element_type=\"widget\" data-e-type=\"widget\" data-widget_type=\"text-editor.default\">\n\t\t\t\t<div class=\"elementor-widget-container\">\n\t\t\t\t\t\t\t\t\t<div class=\"wpb_text_column wpb_content_element \">\n<div class=\"wpb_wrapper\">\n<div class=\"flex flex-grow flex-col gap-3\">\n<div class=\"min-h-[20px] flex flex-col items-start gap-4 whitespace-pre-wrap break-words\">\n<div class=\"markdown prose w-full break-words dark:prose-invert dark\">\n<p>Ba Logistics is a company that provides various logistics services. It specializes in cargo storage, handling, distribution, inventory management and other logistics services. The company&#8217;s modern storage facilities have advanced infrastructure and technology to securely store customers&#8217; materials.<\/p>\n<\/p>\n<p>Ba Logistics stores and manages the materials of its customers in suitable areas according to their storage needs. Handling services include physical operations such as receiving, transporting, loading and unloading customers&#8217; materials. Distribution services, on the other hand, ensure that the materials of the customers are delivered to the designated points in a timely and safe manner.<\/p>\n<\/p>\n<p>With the services it offers to its customers, Ba Logistics helps reduce the complexities in supply chain management and optimize logistics operations. Thus, customers use their resources more efficiently, reduce costs and increase customer satisfaction.<\/p>\n<\/div>\n<\/div>\n<\/div>\n<\/div>\n<\/div>\n\t\t\t\t\t\t\t\t<\/div>\n\t\t\t\t<\/div>\n\t\t\t\t\t<\/div>\n\t\t<\/div>\n\t\t\t\t\t<\/div>\n\t\t<\/section>\n\t\t\t\t<\/div>\n\t\t","protected":false},"excerpt":{"rendered":"<p>Storage Services Ba Logistics is a company that provides various logistics services. It specializes in cargo storage, handling, distribution, inventory management and other logistics services. The company&#8217;s modern storage facilities have advanced infrastructure and technology to securely store customers&#8217; materials. Ba Logistics stores and manages the materials of its customers in suitable areas according to&hellip; <a class=\"more-link\" href=\"https:\/\/balogistics.com.tr\/en\/storage-services\/\">Continue reading <span class=\"screen-reader-text\">Storage Services<\/span><\/a><\/p>\n","protected":false},"author":1,"featured_media":0,"parent":0,"menu_order":0,"comment_status":"closed","ping_status":"closed","template":"elementor_header_footer","meta":{"footnotes":""},"class_list":["post-565","page","type-page","status-publish","hentry","entry"],"yoast_head":"<!-- This site is optimized with the Yoast SEO plugin v27.2 - https:\/\/yoast.com\/product\/yoast-seo-wordpress\/ -->\n<title>Storage Services - Balogistics<\/title>\n<meta name=\"robots\" content=\"index, follow, max-snippet:-1, max-image-preview:large, max-video-preview:-1\" \/>\n<link rel=\"canonical\" href=\"http:\/\/balogistics.com.tr\/en\/storage-services\/\" \/>\n<meta property=\"og:locale\" content=\"en_US\" \/>\n<meta property=\"og:type\" content=\"article\" \/>\n<meta property=\"og:title\" content=\"Storage Services - Balogistics\" \/>\n<meta property=\"og:description\" content=\"Storage Services Ba Logistics is a company that provides various logistics services. It specializes in cargo storage, handling, distribution, inventory management and other logistics services. The company&#8217;s modern storage facilities have advanced infrastructure and technology to securely store customers&#8217; materials. Ba Logistics stores and manages the materials of its customers in suitable areas according to&hellip; Continue reading Storage Services\" \/>\n<meta property=\"og:url\" content=\"http:\/\/balogistics.com.tr\/en\/storage-services\/\" \/>\n<meta property=\"og:site_name\" content=\"Balogistics\" \/>\n<meta property=\"article:modified_time\" content=\"2023-05-24T05:14:46+00:00\" \/>\n<meta name=\"twitter:card\" content=\"summary_large_image\" \/>\n<meta name=\"twitter:label1\" content=\"Est. reading time\" \/>\n\t<meta name=\"twitter:data1\" content=\"1 minute\" \/>\n<script type=\"application\/ld+json\" class=\"yoast-schema-graph\">{\"@context\":\"https:\/\/schema.org\",\"@graph\":[{\"@type\":\"WebPage\",\"@id\":\"http:\/\/balogistics.com.tr\/en\/storage-services\/\",\"url\":\"http:\/\/balogistics.com.tr\/en\/storage-services\/\",\"name\":\"Storage Services - Balogistics\",\"isPartOf\":{\"@id\":\"https:\/\/balogistics.com.tr\/#website\"},\"datePublished\":\"2023-05-24T05:05:33+00:00\",\"dateModified\":\"2023-05-24T05:14:46+00:00\",\"breadcrumb\":{\"@id\":\"http:\/\/balogistics.com.tr\/en\/storage-services\/#breadcrumb\"},\"inLanguage\":\"en-US\",\"potentialAction\":[{\"@type\":\"ReadAction\",\"target\":[\"http:\/\/balogistics.com.tr\/en\/storage-services\/\"]}]},{\"@type\":\"BreadcrumbList\",\"@id\":\"http:\/\/balogistics.com.tr\/en\/storage-services\/#breadcrumb\",\"itemListElement\":[{\"@type\":\"ListItem\",\"position\":1,\"name\":\"Anasayfa\",\"item\":\"https:\/\/balogistics.com.tr\/en\/\"},{\"@type\":\"ListItem\",\"position\":2,\"name\":\"Storage Services\"}]},{\"@type\":\"WebSite\",\"@id\":\"https:\/\/balogistics.com.tr\/#website\",\"url\":\"https:\/\/balogistics.com.tr\/\",\"name\":\"Ba Logistics, havayolu, karayolu, denizyolu, demiryolu ve proje ta\u015f\u0131mac\u0131l\u0131\u011f\u0131 hizmetleri sunmaktad\u0131r.\",\"description\":\"Ba Logistics, havayolu, karayolu, denizyolu, demiryolu ve proje ta\u015f\u0131mac\u0131l\u0131\u011f\u0131 hizmetleri sunmaktad\u0131r.\",\"publisher\":{\"@id\":\"https:\/\/balogistics.com.tr\/#organization\"},\"potentialAction\":[{\"@type\":\"SearchAction\",\"target\":{\"@type\":\"EntryPoint\",\"urlTemplate\":\"https:\/\/balogistics.com.tr\/?s={search_term_string}\"},\"query-input\":{\"@type\":\"PropertyValueSpecification\",\"valueRequired\":true,\"valueName\":\"search_term_string\"}}],\"inLanguage\":\"en-US\"},{\"@type\":\"Organization\",\"@id\":\"https:\/\/balogistics.com.tr\/#organization\",\"name\":\"Ba Logistics, havayolu, karayolu, denizyolu, demiryolu ve proje ta\u015f\u0131mac\u0131l\u0131\u011f\u0131 hizmetleri sunmaktad\u0131r.\",\"url\":\"https:\/\/balogistics.com.tr\/\",\"logo\":{\"@type\":\"ImageObject\",\"inLanguage\":\"en-US\",\"@id\":\"https:\/\/balogistics.com.tr\/#\/schema\/logo\/image\/\",\"url\":\"https:\/\/balogistics.com.tr\/wp-content\/uploads\/2023\/05\/1.png\",\"contentUrl\":\"https:\/\/balogistics.com.tr\/wp-content\/uploads\/2023\/05\/1.png\",\"width\":5051,\"height\":1982,\"caption\":\"Ba Logistics, havayolu, karayolu, denizyolu, demiryolu ve proje ta\u015f\u0131mac\u0131l\u0131\u011f\u0131 hizmetleri sunmaktad\u0131r.\"},\"image\":{\"@id\":\"https:\/\/balogistics.com.tr\/#\/schema\/logo\/image\/\"}}]}<\/script>\n<!-- \/ Yoast SEO plugin. -->","yoast_head_json":{"title":"Storage Services - Balogistics","robots":{"index":"index","follow":"follow","max-snippet":"max-snippet:-1","max-image-preview":"max-image-preview:large","max-video-preview":"max-video-preview:-1"},"canonical":"http:\/\/balogistics.com.tr\/en\/storage-services\/","og_locale":"en_US","og_type":"article","og_title":"Storage Services - Balogistics","og_description":"Storage Services Ba Logistics is a company that provides various logistics services. It specializes in cargo storage, handling, distribution, inventory management and other logistics services. The company&#8217;s modern storage facilities have advanced infrastructure and technology to securely store customers&#8217; materials. Ba Logistics stores and manages the materials of its customers in suitable areas according to&hellip; Continue reading Storage Services","og_url":"http:\/\/balogistics.com.tr\/en\/storage-services\/","og_site_name":"Balogistics","article_modified_time":"2023-05-24T05:14:46+00:00","twitter_card":"summary_large_image","twitter_misc":{"Est. reading time":"1 minute"},"schema":{"@context":"https:\/\/schema.org","@graph":[{"@type":"WebPage","@id":"http:\/\/balogistics.com.tr\/en\/storage-services\/","url":"http:\/\/balogistics.com.tr\/en\/storage-services\/","name":"Storage Services - Balogistics","isPartOf":{"@id":"https:\/\/balogistics.com.tr\/#website"},"datePublished":"2023-05-24T05:05:33+00:00","dateModified":"2023-05-24T05:14:46+00:00","breadcrumb":{"@id":"http:\/\/balogistics.com.tr\/en\/storage-services\/#breadcrumb"},"inLanguage":"en-US","potentialAction":[{"@type":"ReadAction","target":["http:\/\/balogistics.com.tr\/en\/storage-services\/"]}]},{"@type":"BreadcrumbList","@id":"http:\/\/balogistics.com.tr\/en\/storage-services\/#breadcrumb","itemListElement":[{"@type":"ListItem","position":1,"name":"Anasayfa","item":"https:\/\/balogistics.com.tr\/en\/"},{"@type":"ListItem","position":2,"name":"Storage Services"}]},{"@type":"WebSite","@id":"https:\/\/balogistics.com.tr\/#website","url":"https:\/\/balogistics.com.tr\/","name":"Ba Logistics, havayolu, karayolu, denizyolu, demiryolu ve proje ta\u015f\u0131mac\u0131l\u0131\u011f\u0131 hizmetleri sunmaktad\u0131r.","description":"Ba Logistics, havayolu, karayolu, denizyolu, demiryolu ve proje ta\u015f\u0131mac\u0131l\u0131\u011f\u0131 hizmetleri sunmaktad\u0131r.","publisher":{"@id":"https:\/\/balogistics.com.tr\/#organization"},"potentialAction":[{"@type":"SearchAction","target":{"@type":"EntryPoint","urlTemplate":"https:\/\/balogistics.com.tr\/?s={search_term_string}"},"query-input":{"@type":"PropertyValueSpecification","valueRequired":true,"valueName":"search_term_string"}}],"inLanguage":"en-US"},{"@type":"Organization","@id":"https:\/\/balogistics.com.tr\/#organization","name":"Ba Logistics, havayolu, karayolu, denizyolu, demiryolu ve proje ta\u015f\u0131mac\u0131l\u0131\u011f\u0131 hizmetleri sunmaktad\u0131r.","url":"https:\/\/balogistics.com.tr\/","logo":{"@type":"ImageObject","inLanguage":"en-US","@id":"https:\/\/balogistics.com.tr\/#\/schema\/logo\/image\/","url":"https:\/\/balogistics.com.tr\/wp-content\/uploads\/2023\/05\/1.png","contentUrl":"https:\/\/balogistics.com.tr\/wp-content\/uploads\/2023\/05\/1.png","width":5051,"height":1982,"caption":"Ba Logistics, havayolu, karayolu, denizyolu, demiryolu ve proje ta\u015f\u0131mac\u0131l\u0131\u011f\u0131 hizmetleri sunmaktad\u0131r."},"image":{"@id":"https:\/\/balogistics.com.tr\/#\/schema\/logo\/image\/"}}]}},"_links":{"self":[{"href":"https:\/\/balogistics.com.tr\/en\/wp-json\/wp\/v2\/pages\/565","targetHints":{"allow":["GET"]}}],"collection":[{"href":"https:\/\/balogistics.com.tr\/en\/wp-json\/wp\/v2\/pages"}],"about":[{"href":"https:\/\/balogistics.com.tr\/en\/wp-json\/wp\/v2\/types\/page"}],"author":[{"embeddable":true,"href":"https:\/\/balogistics.com.tr\/en\/wp-json\/wp\/v2\/users\/1"}],"replies":[{"embeddable":true,"href":"https:\/\/balogistics.com.tr\/en\/wp-json\/wp\/v2\/comments?post=565"}],"version-history":[{"count":3,"href":"https:\/\/balogistics.com.tr\/en\/wp-json\/wp\/v2\/pages\/565\/revisions"}],"predecessor-version":[{"id":568,"href":"https:\/\/balogistics.com.tr\/en\/wp-json\/wp\/v2\/pages\/565\/revisions\/568"}],"wp:attachment":[{"href":"https:\/\/balogistics.com.tr\/en\/wp-json\/wp\/v2\/media?parent=565"}],"curies":[{"name":"wp","href":"https:\/\/api.w.org\/{rel}","templated":true}]}}